{"id":23072,"date":"2023-10-11T12:48:06","date_gmt":"2023-10-11T10:48:06","guid":{"rendered":"https:\/\/www.uniklinik.hu\/?page_id=23072"},"modified":"2023-10-11T12:48:06","modified_gmt":"2023-10-11T10:48:06","slug":"uniklinik-dental-clinic-specialists-united-for-your-smile","status":"publish","type":"page","link":"https:\/\/www.uniklinik.hu\/en\/uniklinik-dental-clinic-specialists-united-for-your-smile\/","title":{"rendered":"UNIKLINIK DENTAL CLINIC &#8211; SPECIALISTS UNITED FOR YOUR SMILE"},"content":{"rendered":"<h4>UNIKLINIK DENTAL CLINIC IN BUDAPEST: 25 YEARS OF EXPERIENCE &#8211; ONE OF THE MOST ADVANCED DENTAL CLINICS IN EUROPE<\/h4>\n<p>6 Treatment Rooms on two levels, latest generation equipment<br \/>\nOperating Room with possibility of general anesthesia<br \/>\nPost-operative rest room<br \/>\n2 waiting rooms<br \/>\nZeiss devices for endodontic treatments under the microscope<br \/>\nX-ray imaging laboratory and Cone Beam 3D scanner on site<br \/>\nHighly qualified prosthetic laboratory partners<br \/>\nThe quality of our professional work is assured by the ISO 9001: 2015 standard<\/p>\n<p>Since the establishment in 1997 our goal remained the same: to provide the highest quality dental care to our patients. \u00a0Our doctors have\u00a0a broad range of experience and expertise in their field allowing them to perform the most advanced treatments with the latest state-of-the-art equipments and materials.<\/p>\n<p>Our commitment is to meet the growing expectations of different disciplines of dentistry &#8211; our team has experienced specialists in each field:<\/p>\n<p>5 dental surgeons and a maxillofacial surgeon,<br \/>\n3 cosmetic dentists,<br \/>\n3 specialists in conservative dentistry,<br \/>\n2 orthodontists,<br \/>\n3 endodontists specialized in endodontics under microscope,<br \/>\n1 pediatric dentist<\/p>\n<p>The diversity and complementarity of these specialties allow us to offer comprehensive care and personalized solutions to each of our patients.<\/p>\n<p>Our dental center provides personalized and professional assistance for our foreign patients.<\/p>\n","protected":false},"excerpt":{"rendered":"<p>UNIKLINIK DENTAL CLINIC IN BUDAPEST: 25 YEARS OF EXPERIENCE &#8211; ONE OF THE MOST ADVANCED DENTAL CLINICS IN EUROPE 6 Treatment Rooms on two levels, latest generation equipment Operating Room with possibility of general anesthesia Post-operative rest room 2 waiting rooms Zeiss devices for endodontic treatments under the microscope X-ray imaging laboratory and Cone Beam [&hellip;]<\/p>\n","protected":false},"author":2,"featured_media":0,"parent":0,"menu_order":0,"comment_status":"closed","ping_status":"closed","template":"","meta":{"_acf_changed":false,"footnotes":""},"class_list":["post-23072","page","type-page","status-publish","hentry"],"acf":[],"yoast_head":"<!-- This site is optimized with the Yoast SEO plugin v26.8 - https:\/\/yoast.com\/product\/yoast-seo-wordpress\/ -->\n<title>UNIKLINIK DENTAL CLINIC - SPECIALISTS UNITED FOR YOUR SMILE - Uniklinik Fog\u00e1szati \u00e9s Implant\u00e1ci\u00f3s K\u00f6zpont | Uniklinik.hu - Egy\u00fctt a specialist\u00e1k<\/title>\n<meta name=\"robots\" content=\"index, follow, max-snippet:-1, max-image-preview:large, max-video-preview:-1\" \/>\n<link rel=\"canonical\" href=\"https:\/\/www.uniklinik.hu\/en\/uniklinik-dental-clinic-specialists-united-for-your-smile\/\" \/>\n<meta property=\"og:locale\" content=\"en_US\" \/>\n<meta property=\"og:type\" content=\"article\" \/>\n<meta property=\"og:title\" content=\"UNIKLINIK DENTAL CLINIC - SPECIALISTS UNITED FOR YOUR SMILE - Uniklinik Fog\u00e1szati \u00e9s Implant\u00e1ci\u00f3s K\u00f6zpont | Uniklinik.hu - Egy\u00fctt a specialist\u00e1k\" \/>\n<meta property=\"og:description\" content=\"UNIKLINIK DENTAL CLINIC IN BUDAPEST: 25 YEARS OF EXPERIENCE &#8211; ONE OF THE MOST ADVANCED DENTAL CLINICS IN EUROPE 6 Treatment Rooms on two levels, latest generation equipment Operating Room with possibility of general anesthesia Post-operative rest room 2 waiting rooms Zeiss devices for endodontic treatments under the microscope X-ray imaging laboratory and Cone Beam [&hellip;]\" \/>\n<meta property=\"og:url\" content=\"https:\/\/www.uniklinik.hu\/en\/uniklinik-dental-clinic-specialists-united-for-your-smile\/\" \/>\n<meta property=\"og:site_name\" content=\"Uniklinik Fog\u00e1szati \u00e9s Implant\u00e1ci\u00f3s K\u00f6zpont | Uniklinik.hu - Egy\u00fctt a specialist\u00e1k\" \/>\n<meta name=\"twitter:card\" content=\"summary_large_image\" \/>\n<meta name=\"twitter:label1\" content=\"Est. reading time\" \/>\n\t<meta name=\"twitter:data1\" content=\"1 minute\" \/>\n<script type=\"application\/ld+json\" class=\"yoast-schema-graph\">{\"@context\":\"https:\/\/schema.org\",\"@graph\":[{\"@type\":\"WebPage\",\"@id\":\"https:\/\/www.uniklinik.hu\/en\/uniklinik-dental-clinic-specialists-united-for-your-smile\/\",\"url\":\"https:\/\/www.uniklinik.hu\/en\/uniklinik-dental-clinic-specialists-united-for-your-smile\/\",\"name\":\"UNIKLINIK DENTAL CLINIC - SPECIALISTS UNITED FOR YOUR SMILE - Uniklinik Fog\u00e1szati \u00e9s Implant\u00e1ci\u00f3s K\u00f6zpont | Uniklinik.hu - Egy\u00fctt a specialist\u00e1k\",\"isPartOf\":{\"@id\":\"https:\/\/www.uniklinik.hu\/#website\"},\"datePublished\":\"2023-10-11T10:48:06+00:00\",\"breadcrumb\":{\"@id\":\"https:\/\/www.uniklinik.hu\/en\/uniklinik-dental-clinic-specialists-united-for-your-smile\/#breadcrumb\"},\"inLanguage\":\"en-US\",\"potentialAction\":[{\"@type\":\"ReadAction\",\"target\":[\"https:\/\/www.uniklinik.hu\/en\/uniklinik-dental-clinic-specialists-united-for-your-smile\/\"]}]},{\"@type\":\"BreadcrumbList\",\"@id\":\"https:\/\/www.uniklinik.hu\/en\/uniklinik-dental-clinic-specialists-united-for-your-smile\/#breadcrumb\",\"itemListElement\":[{\"@type\":\"ListItem\",\"position\":1,\"name\":\"Home\",\"item\":\"https:\/\/www.uniklinik.hu\/\"},{\"@type\":\"ListItem\",\"position\":2,\"name\":\"UNIKLINIK DENTAL CLINIC &#8211; SPECIALISTS UNITED FOR YOUR SMILE\"}]},{\"@type\":\"WebSite\",\"@id\":\"https:\/\/www.uniklinik.hu\/#website\",\"url\":\"https:\/\/www.uniklinik.hu\/\",\"name\":\"Uniklinik Fog\u00e1szati \u00e9s Implant\u00e1ci\u00f3s K\u00f6zpont | Uniklinik.hu - Egy\u00fctt a specialist\u00e1k\",\"description\":\"\",\"publisher\":{\"@id\":\"https:\/\/www.uniklinik.hu\/#organization\"},\"potentialAction\":[{\"@type\":\"SearchAction\",\"target\":{\"@type\":\"EntryPoint\",\"urlTemplate\":\"https:\/\/www.uniklinik.hu\/?s={search_term_string}\"},\"query-input\":{\"@type\":\"PropertyValueSpecification\",\"valueRequired\":true,\"valueName\":\"search_term_string\"}}],\"inLanguage\":\"en-US\"},{\"@type\":\"Organization\",\"@id\":\"https:\/\/www.uniklinik.hu\/#organization\",\"name\":\"Uniklinik Fog\u00e1szati \u00e9s Implant\u00e1ci\u00f3s K\u00f6zpont | Uniklinik.hu - Egy\u00fctt a specialist\u00e1k\",\"url\":\"https:\/\/www.uniklinik.hu\/\",\"logo\":{\"@type\":\"ImageObject\",\"inLanguage\":\"en-US\",\"@id\":\"https:\/\/www.uniklinik.hu\/#\/schema\/logo\/image\/\",\"url\":\"https:\/\/www.uniklinik.hu\/wp-content\/uploads\/2022\/08\/brand_logo_new.png\",\"contentUrl\":\"https:\/\/www.uniklinik.hu\/wp-content\/uploads\/2022\/08\/brand_logo_new.png\",\"width\":620,\"height\":116,\"caption\":\"Uniklinik Fog\u00e1szati \u00e9s Implant\u00e1ci\u00f3s K\u00f6zpont | Uniklinik.hu - Egy\u00fctt a specialist\u00e1k\"},\"image\":{\"@id\":\"https:\/\/www.uniklinik.hu\/#\/schema\/logo\/image\/\"}}]}<\/script>\n<meta name=\"keywords\" content=\"dentist, dentistry, oral surgery, dental crown, dental implant, dental scaling,\" class=\"yoast-seo-meta-tag\" \/>\n<!-- \/ Yoast SEO plugin. -->","yoast_head_json":{"title":"UNIKLINIK DENTAL CLINIC - SPECIALISTS UNITED FOR YOUR SMILE - Uniklinik Fog\u00e1szati \u00e9s Implant\u00e1ci\u00f3s K\u00f6zpont | Uniklinik.hu - Egy\u00fctt a specialist\u00e1k","robots":{"index":"index","follow":"follow","max-snippet":"max-snippet:-1","max-image-preview":"max-image-preview:large","max-video-preview":"max-video-preview:-1"},"canonical":"https:\/\/www.uniklinik.hu\/en\/uniklinik-dental-clinic-specialists-united-for-your-smile\/","og_locale":"en_US","og_type":"article","og_title":"UNIKLINIK DENTAL CLINIC - SPECIALISTS UNITED FOR YOUR SMILE - Uniklinik Fog\u00e1szati \u00e9s Implant\u00e1ci\u00f3s K\u00f6zpont | Uniklinik.hu - Egy\u00fctt a specialist\u00e1k","og_description":"UNIKLINIK DENTAL CLINIC IN BUDAPEST: 25 YEARS OF EXPERIENCE &#8211; ONE OF THE MOST ADVANCED DENTAL CLINICS IN EUROPE 6 Treatment Rooms on two levels, latest generation equipment Operating Room with possibility of general anesthesia Post-operative rest room 2 waiting rooms Zeiss devices for endodontic treatments under the microscope X-ray imaging laboratory and Cone Beam [&hellip;]","og_url":"https:\/\/www.uniklinik.hu\/en\/uniklinik-dental-clinic-specialists-united-for-your-smile\/","og_site_name":"Uniklinik Fog\u00e1szati \u00e9s Implant\u00e1ci\u00f3s K\u00f6zpont | Uniklinik.hu - Egy\u00fctt a specialist\u00e1k","twitter_card":"summary_large_image","twitter_misc":{"Est. reading time":"1 minute"},"schema":{"@context":"https:\/\/schema.org","@graph":[{"@type":"WebPage","@id":"https:\/\/www.uniklinik.hu\/en\/uniklinik-dental-clinic-specialists-united-for-your-smile\/","url":"https:\/\/www.uniklinik.hu\/en\/uniklinik-dental-clinic-specialists-united-for-your-smile\/","name":"UNIKLINIK DENTAL CLINIC - SPECIALISTS UNITED FOR YOUR SMILE - Uniklinik Fog\u00e1szati \u00e9s Implant\u00e1ci\u00f3s K\u00f6zpont | Uniklinik.hu - Egy\u00fctt a specialist\u00e1k","isPartOf":{"@id":"https:\/\/www.uniklinik.hu\/#website"},"datePublished":"2023-10-11T10:48:06+00:00","breadcrumb":{"@id":"https:\/\/www.uniklinik.hu\/en\/uniklinik-dental-clinic-specialists-united-for-your-smile\/#breadcrumb"},"inLanguage":"en-US","potentialAction":[{"@type":"ReadAction","target":["https:\/\/www.uniklinik.hu\/en\/uniklinik-dental-clinic-specialists-united-for-your-smile\/"]}]},{"@type":"BreadcrumbList","@id":"https:\/\/www.uniklinik.hu\/en\/uniklinik-dental-clinic-specialists-united-for-your-smile\/#breadcrumb","itemListElement":[{"@type":"ListItem","position":1,"name":"Home","item":"https:\/\/www.uniklinik.hu\/"},{"@type":"ListItem","position":2,"name":"UNIKLINIK DENTAL CLINIC &#8211; SPECIALISTS UNITED FOR YOUR SMILE"}]},{"@type":"WebSite","@id":"https:\/\/www.uniklinik.hu\/#website","url":"https:\/\/www.uniklinik.hu\/","name":"Uniklinik Fog\u00e1szati \u00e9s Implant\u00e1ci\u00f3s K\u00f6zpont | Uniklinik.hu - Egy\u00fctt a specialist\u00e1k","description":"","publisher":{"@id":"https:\/\/www.uniklinik.hu\/#organization"},"potentialAction":[{"@type":"SearchAction","target":{"@type":"EntryPoint","urlTemplate":"https:\/\/www.uniklinik.hu\/?s={search_term_string}"},"query-input":{"@type":"PropertyValueSpecification","valueRequired":true,"valueName":"search_term_string"}}],"inLanguage":"en-US"},{"@type":"Organization","@id":"https:\/\/www.uniklinik.hu\/#organization","name":"Uniklinik Fog\u00e1szati \u00e9s Implant\u00e1ci\u00f3s K\u00f6zpont | Uniklinik.hu - Egy\u00fctt a specialist\u00e1k","url":"https:\/\/www.uniklinik.hu\/","logo":{"@type":"ImageObject","inLanguage":"en-US","@id":"https:\/\/www.uniklinik.hu\/#\/schema\/logo\/image\/","url":"https:\/\/www.uniklinik.hu\/wp-content\/uploads\/2022\/08\/brand_logo_new.png","contentUrl":"https:\/\/www.uniklinik.hu\/wp-content\/uploads\/2022\/08\/brand_logo_new.png","width":620,"height":116,"caption":"Uniklinik Fog\u00e1szati \u00e9s Implant\u00e1ci\u00f3s K\u00f6zpont | Uniklinik.hu - Egy\u00fctt a specialist\u00e1k"},"image":{"@id":"https:\/\/www.uniklinik.hu\/#\/schema\/logo\/image\/"}}]}},"_links":{"self":[{"href":"https:\/\/www.uniklinik.hu\/en\/wp-json\/wp\/v2\/pages\/23072","targetHints":{"allow":["GET"]}}],"collection":[{"href":"https:\/\/www.uniklinik.hu\/en\/wp-json\/wp\/v2\/pages"}],"about":[{"href":"https:\/\/www.uniklinik.hu\/en\/wp-json\/wp\/v2\/types\/page"}],"author":[{"embeddable":true,"href":"https:\/\/www.uniklinik.hu\/en\/wp-json\/wp\/v2\/users\/2"}],"replies":[{"embeddable":true,"href":"https:\/\/www.uniklinik.hu\/en\/wp-json\/wp\/v2\/comments?post=23072"}],"version-history":[{"count":0,"href":"https:\/\/www.uniklinik.hu\/en\/wp-json\/wp\/v2\/pages\/23072\/revisions"}],"wp:attachment":[{"href":"https:\/\/www.uniklinik.hu\/en\/wp-json\/wp\/v2\/media?parent=23072"}],"curies":[{"name":"wp","href":"https:\/\/api.w.org\/{rel}","templated":true}]}}